{"id":41,"date":"2021-12-27T18:19:43","date_gmt":"2021-12-27T15:19:43","guid":{"rendered":"https:\/\/www.tamtrade.com.ua\/tr_TR\/?page_id=41"},"modified":"2022-01-05T12:50:12","modified_gmt":"2022-01-05T09:50:12","slug":"kullanim-kosullari","status":"publish","type":"page","link":"https:\/\/www.tamtrade.com.ua\/tr_TR\/kullanim-kosullari","title":{"rendered":"Kullan\u0131m Ko\u015fullar\u0131"},"content":{"rendered":"\n<p>Bu sitede (www.tamtrade.com.ua) yer alan her t\u00fcrl\u00fc tasar\u0131m, marka, logo ve ses, g\u00f6r\u00fcnt\u00fc, yaz\u0131 i\u00e7eren bilgi ve belgeler (bundan sonra \u2018i\u00e7erik\u2019 olarak an\u0131lacakt\u0131r) \u00fczerindeki fikri m\u00fclkiyet haklar\u0131 ile telif haklar\u0131 \u0422\u041e\u0412 &#8220;\u0422\u0410\u041c \u0422\u0420\u0415\u0419\u0414&#8221; &#8211; (TAM TRADE LTD.)\u2019e (bundan sonra yaln\u0131zca \u2018TAM TRADE\u2019 olarak an\u0131lacakt\u0131r.) aittir veya bir lisans anla\u015fmas\u0131 \u00e7er\u00e7evesinde kullan\u0131lmaktad\u0131r.<\/p>\n\n\n\n<p>Sitemizde yer alan i\u00e7eri\u011fin tamam\u0131 veya herhangi bir k\u0131sm\u0131 yaln\u0131zca sahiplerinin yaz\u0131l\u0131 izni ile kullan\u0131labilir. \u0130\u00e7erik \u00fczerinde izinsiz de\u011fi\u015fiklik yapmak, kopyalamak, kiralamak, \u00f6d\u00fcn\u00e7 vermek, iletmek ve yay\u0131nlamak yasakt\u0131r. Web siteden al\u0131nan i\u00e7erik herhangi bir ticari ama\u00e7la kullan\u0131lamaz.<\/p>\n\n\n\n<p>TAM TRADE bu web sitesi kullan\u0131m ko\u015fullar\u0131nda, haber vermeksizin de\u011fi\u015fiklikler yapabilir.<\/p>\n\n\n\n<p>Bu sitemizden \u00fc\u00e7\u00fcnc\u00fc ki\u015filere ait sitelere verilen ba\u011flant\u0131lar, sizi TAM TRADE\u2019e ait web a\u011f\u0131n\u0131n d\u0131\u015f\u0131na g\u00f6t\u00fcrebilir. Bu sitelerin i\u00e7eri\u011fi, do\u011frulu\u011fu veya i\u015fleviyle ilgili olarak TAM TRADE hi\u00e7 bir sorumluluk \u00fcstlenmez. Bu ba\u011flant\u0131lar iyi niyet \u00e7er\u00e7evesinde sunulmaktad\u0131r. TAM TRADE, ba\u011flant\u0131s\u0131n\u0131 verdi\u011fimiz sitelerde daha sonra olabilecek herhangi bir de\u011fi\u015fiklikten sorumlu de\u011fildir. TAM TRADE ve bu sitenin olu\u015fturulmas\u0131, \u00fcretilmesi veya iletilmesinde yer alan herhangi bir \u00fc\u00e7\u00fcnc\u00fc taraf, bu siteye eri\u015fim veya sitenin kullan\u0131m\u0131ndan do\u011fabilecek herhangi bir do\u011frudan, dolayl\u0131, ar\u0131zi, tali zarar, ziyan veya hasardan veya do\u011fabilecek cezai sorumluluktan \u00f6t\u00fcr\u00fc sorumlu tutulamaz.<\/p>\n\n\n\n<p>TAM TRADE, bu sitede yer alan i\u00e7eri\u011fin belirli bir amaca uygunlu\u011funu garanti etmez. Ayr\u0131ca, bu siteye eri\u015fiminiz, kullanman\u0131z veya bu siteden herhangi bir ses, g\u00f6r\u00fcnt\u00fc, yaz\u0131 i\u00e7eren bilgi ve belge indirmeniz nedeniyle bilgisayar donan\u0131m\u0131n\u0131zda veya di\u011fer varl\u0131klar\u0131n\u0131zda meydana gelebilecek herhangi bir hasar veya bilgisayar sistemlerinize bula\u015fabilecek k\u00f6t\u00fc niyetli yaz\u0131l\u0131mlar\u0131n sebep olabilece\u011fi hasarlardan TAM TRADE sorumlu tutulamaz.<\/p>\n\n\n\n<p>\u0130\u015f ba\u015fvurular\u0131 hari\u00e7 olmak \u00fczere, \u0130nternet arac\u0131l\u0131\u011f\u0131yla bize iletti\u011finiz her t\u00fcr yorum, \u00f6neri, fikir, grafik ve sair bilgiler, TAM TRADE taraf\u0131ndan, size veya ba\u015fka herhangi bir ki\u015fiye herhangi bir \u00f6deme yap\u0131lmaks\u0131z\u0131n, ticari veya gayri ticari bir ama\u00e7la kullan\u0131labilecektir. TAM TRADE, i\u015f ba\u015fvurular\u0131 hari\u00e7 olmak \u00fczere kendilerine iletilen bu t\u00fcr bilgileri gizli tutmak zorunda de\u011fildir.<\/p>\n\n\n\n<p>18 ya\u015f\u0131ndan k\u00fc\u00e7\u00fcklerin, TAM TRADE\u2019e ait web sitelerine velileri veya vasilerinden izin almaks\u0131z\u0131n bilgi sunmalar\u0131ndan TAM TRADE sorumlu tutulamaz.<\/p>\n\n\n\n<p>TAM TRADE i\u00e7eri\u011fin g\u00fcncellenmesi ya da ba\u015fka nedenlerle destek ya da bak\u0131m \u00e7al\u0131\u015fmalar\u0131 s\u0131ras\u0131nda bu web sitesinin faaliyetini ask\u0131ya alabilir, her zaman i\u00e7in herhangi bir bildirimde bulunmaks\u0131z\u0131n bu web sitesine eri\u015fime son verme hakk\u0131na sahiptir.<\/p>\n\n\n\n<p>Bu web sitesinde yer alan b\u00fct\u00fcn bilgiler ve tavsiyeler genel nitelikte oldu\u011fundan bunlara dayanarak karar vermemeniz gerekir. TAM TRADE bu web sitesinde sunulan b\u00fct\u00fcn bilgilerin, web sitesine dahil edildi\u011fi an itibariyle, do\u011fru olmas\u0131na gayret etmekte, ancak bunlar\u0131n do\u011fru oldu\u011funa dair garanti vermemektedir.<\/p>\n\n\n\n<p>TAM TRADE web sitesini kullanan her ziyaret\u00e7i yukar\u0131da yer alan kullan\u0131m ko\u015fullar\u0131n\u0131 kabul etmi\u015f say\u0131lmaktad\u0131r.<\/p>\n","protected":false},"excerpt":{"rendered":"<p>Bu sitede (www.tamtrade.com.ua) yer alan her t\u00fcrl\u00fc tasar\u0131m, marka, logo ve ses, g\u00f6r\u00fcnt\u00fc, yaz\u0131 i\u00e7eren bilgi ve belgeler (bundan sonra \u2018i\u00e7erik\u2019 olarak an\u0131lacakt\u0131r) \u00fczerindeki fikri m\u00fclkiyet haklar\u0131 ile telif haklar\u0131 \u0422\u041e\u0412 &#8220;\u0422\u0410\u041c \u0422\u0420\u0415\u0419\u0414&#8221; &#8211; (TAM TRADE LTD.)\u2019e (bundan sonra yaln\u0131zca \u2018TAM TRADE\u2019 olarak an\u0131lacakt\u0131r.) aittir veya bir lisans anla\u015fmas\u0131 \u00e7er\u00e7evesinde kullan\u0131lmaktad\u0131r. Sitemizde yer alan i\u00e7eri\u011fin [&hellip;]<\/p>\n","protected":false},"author":1,"featured_media":0,"parent":0,"menu_order":0,"comment_status":"closed","ping_status":"closed","template":"","meta":[],"_links":{"self":[{"href":"https:\/\/www.tamtrade.com.ua\/tr_TR\/wp-json\/wp\/v2\/pages\/41"}],"collection":[{"href":"https:\/\/www.tamtrade.com.ua\/tr_TR\/wp-json\/wp\/v2\/pages"}],"about":[{"href":"https:\/\/www.tamtrade.com.ua\/tr_TR\/wp-json\/wp\/v2\/types\/page"}],"author":[{"embeddable":true,"href":"https:\/\/www.tamtrade.com.ua\/tr_TR\/wp-json\/wp\/v2\/users\/1"}],"replies":[{"embeddable":true,"href":"https:\/\/www.tamtrade.com.ua\/tr_TR\/wp-json\/wp\/v2\/comments?post=41"}],"version-history":[{"count":2,"href":"https:\/\/www.tamtrade.com.ua\/tr_TR\/wp-json\/wp\/v2\/pages\/41\/revisions"}],"predecessor-version":[{"id":157,"href":"https:\/\/www.tamtrade.com.ua\/tr_TR\/wp-json\/wp\/v2\/pages\/41\/revisions\/157"}],"wp:attachment":[{"href":"https:\/\/www.tamtrade.com.ua\/tr_TR\/wp-json\/wp\/v2\/media?parent=41"}],"curies":[{"name":"wp","href":"https:\/\/api.w.org\/{rel}","templated":true}]}}