{"id":10,"date":"2021-12-27T16:37:10","date_gmt":"2021-12-27T13:37:10","guid":{"rendered":"https:\/\/www.tamtrade.com.ua\/tr_TR\/?page_id=10"},"modified":"2022-01-04T13:52:12","modified_gmt":"2022-01-04T10:52:12","slug":"kurumsal","status":"publish","type":"page","link":"https:\/\/www.tamtrade.com.ua\/tr_TR\/kurumsal","title":{"rendered":"Kurumsal"},"content":{"rendered":"\n<p>TAM TRADE, birbirine \u00e7ok yak\u0131n ama bilinmezlerden dolay\u0131 \u00e7ok uzak olan T\u00fcrkiye ve Ukrayna pazarlar\u0131 aras\u0131nda, sanayi ve ticaret alan\u0131ndaki i\u015fbirli\u011fini geli\u015ftirmek,  i\u015f ortaklar\u0131m\u0131za maksimum fayday\u0131 sunmak amac\u0131yla Fatih Sa\u011f\u0131r taraf\u0131ndan kurulmu\u015ftur.<\/p>\n\n\n\n<p>Amac\u0131m\u0131z, T\u00fcrkiye\u2019de sanayi ve \u00fcretimde ge\u00e7irilen 20 y\u0131ll\u0131k i\u015f tecr\u00fcbesini iki \u00fclke aras\u0131nda en do\u011fru ve etkin \u015fekilde kullanarak i\u015f ortaklar\u0131m\u0131za maksimum getiriyi sa\u011flamakt\u0131r.<\/p>\n\n\n\n<p>\u015eirket merkezimiz ve depomuz Ukrayna&#8217;n\u0131n Kharkiv \u015fehrindedir. Bursa, T\u00fcrkiye&#8217;de ise irtibat ofisimiz mevcuttur. K\u0131sa s\u00fcre i\u00e7erisinde nihai t\u00fcketici \u00fcr\u00fcnleri i\u00e7in internet ma\u011fazam\u0131z a\u00e7\u0131larak sat\u0131\u015fa ba\u015flayacakt\u0131r.<\/p>\n\n\n\n<p>Ukrayna ile T\u00fcrkiye aras\u0131nda sanayinin ihtiya\u00e7 duyaca\u011f\u0131 her t\u00fcrl\u00fc hammadde ve \u00fcr\u00fcn ticareti, dan\u0131\u015fmanl\u0131k, pazar ara\u015ft\u0131rmas\u0131, \u00fcr\u00fcn konumland\u0131rma, pazara giri\u015f, fuar kat\u0131l\u0131m\u0131, tedarik\u00e7i ve m\u00fc\u015fteri ziyaretleri konusunda hizmet veriyoruz.<\/p>\n\n\n\n<p>Ukrayna&#8217;n\u0131n T\u00fcrkiye&#8217;ye olan co\u011frafi yak\u0131nl\u0131\u011f\u0131, 42 milyonluk n\u00fcfusu, yeti\u015fmi\u015f insan g\u00fcc\u00fc, hammadde kaynaklar\u0131n\u0131n zenginli\u011fi ve bir\u00e7ok sekt\u00f6rdeki yeni yat\u0131r\u0131m ve modernizasyon ihtiyac\u0131 dikkate al\u0131nd\u0131\u011f\u0131nda, iki \u00fclke aras\u0131ndaki ticaret hacminin yeterli olmad\u0131\u011f\u0131 de\u011ferlendirilmektedir.<\/p>\n\n\n\n<p>Ukrayna\u2019n\u0131n ihracat\u0131n\u0131n; % 19,2&#8217;i tar\u0131m \u00fcr\u00fcnleri, % 17,5\u2019ini demir ve \u00e7elik \u00fcr\u00fcnleri, %9,5 hayvansal ve bitkisel kat\u0131 ve s\u0131v\u0131 ya\u011flar, %7,2 metal cevherleri, c\u00fcruf ve k\u00fcl, %5,5 makina ve elektrik \u00fcr\u00fcnleri olu\u015fturmaktad\u0131r. \u0130thalat\u0131n\u0131n ise % 20\u2019\u00fc mineral yak\u0131tlar\u0131 (k\u00f6m\u00fcr, ham petrol, do\u011fal gaz, madeni ya\u011flar, % 11\u2019i kazanlar, makinalar, mekanik cihazlar ve aletler, n\u00fckleer reakt\u00f6rler, %10,9 Elektrikli makina ve cihazlar, %9,5 kara ve deniz ta\u015f\u0131tlar\u0131, %4,3 plastikler ve mamullerini kapsamaktad\u0131r.<\/p>\n\n\n\n<p>Ukrayna\u2019n\u0131n d\u0131\u015f ticaretinin yakla\u015f\u0131k % 41&#8217;i Avrupa Birli\u011fi , % 8&#8217;i ise Ba\u011f\u0131ms\u0131z Devletler Toplulu\u011fu, kalan % 50 si ise di\u011fer \u00fclkeler ile ger\u00e7ekle\u015fmektedir. Sanayi \u00fcr\u00fcnleri haricinde, mobilya, ev tekstili, giyim, ayakkab\u0131, i\u015flenmi\u015f deri ve \u00fcr\u00fcnleri, haz\u0131r g\u0131da gibi nihai t\u00fcketici \u00fcr\u00fcnlerinde AB men\u015feili \u00fcr\u00fcnler pazar\u0131n b\u00fcy\u00fck k\u0131sm\u0131n\u0131 olu\u015fturmaktad\u0131r. T\u00fcrkiye\u2019nin bu sekt\u00f6rlerdeki ihracat b\u00fcy\u00fckl\u00fc\u011f\u00fc ve rekabet g\u00fcc\u00fc g\u00f6z \u00f6n\u00fcne al\u0131nd\u0131\u011f\u0131nda Ukrayna gerek yak\u0131nl\u0131\u011f\u0131 gerek t\u00fcketici g\u00f6z\u00fcndeki olumlu \u2018\u2019Made in Turkey\u2019\u2019 alg\u0131s\u0131 ile \u00e7ok rekabet\u00e7i bir pozisyondad\u0131r.<\/p>\n\n\n\n<p>TAM TRADE olarak kendimizi bu al\u0131\u015fveri\u015fin tam ortas\u0131nda, Ukraynal\u0131 ve T\u00fcrk \u00f6zel sekt\u00f6r giri\u015fimcilerinin hemen yan\u0131 ba\u015f\u0131nda konumland\u0131r\u0131yoruz.<\/p>\n","protected":false},"excerpt":{"rendered":"<p>TAM TRADE, birbirine \u00e7ok yak\u0131n ama bilinmezlerden dolay\u0131 \u00e7ok uzak olan T\u00fcrkiye ve Ukrayna pazarlar\u0131 aras\u0131nda, sanayi ve ticaret alan\u0131ndaki i\u015fbirli\u011fini geli\u015ftirmek, i\u015f ortaklar\u0131m\u0131za maksimum fayday\u0131 sunmak amac\u0131yla Fatih Sa\u011f\u0131r taraf\u0131ndan kurulmu\u015ftur. Amac\u0131m\u0131z, T\u00fcrkiye\u2019de sanayi ve \u00fcretimde ge\u00e7irilen 20 y\u0131ll\u0131k i\u015f tecr\u00fcbesini iki \u00fclke aras\u0131nda en do\u011fru ve etkin \u015fekilde kullanarak i\u015f ortaklar\u0131m\u0131za maksimum getiriyi [&hellip;]<\/p>\n","protected":false},"author":1,"featured_media":0,"parent":0,"menu_order":0,"comment_status":"closed","ping_status":"closed","template":"","meta":[],"_links":{"self":[{"href":"https:\/\/www.tamtrade.com.ua\/tr_TR\/wp-json\/wp\/v2\/pages\/10"}],"collection":[{"href":"https:\/\/www.tamtrade.com.ua\/tr_TR\/wp-json\/wp\/v2\/pages"}],"about":[{"href":"https:\/\/www.tamtrade.com.ua\/tr_TR\/wp-json\/wp\/v2\/types\/page"}],"author":[{"embeddable":true,"href":"https:\/\/www.tamtrade.com.ua\/tr_TR\/wp-json\/wp\/v2\/users\/1"}],"replies":[{"embeddable":true,"href":"https:\/\/www.tamtrade.com.ua\/tr_TR\/wp-json\/wp\/v2\/comments?post=10"}],"version-history":[{"count":5,"href":"https:\/\/www.tamtrade.com.ua\/tr_TR\/wp-json\/wp\/v2\/pages\/10\/revisions"}],"predecessor-version":[{"id":155,"href":"https:\/\/www.tamtrade.com.ua\/tr_TR\/wp-json\/wp\/v2\/pages\/10\/revisions\/155"}],"wp:attachment":[{"href":"https:\/\/www.tamtrade.com.ua\/tr_TR\/wp-json\/wp\/v2\/media?parent=10"}],"curies":[{"name":"wp","href":"https:\/\/api.w.org\/{rel}","templated":true}]}}